{"id":7,"date":"2025-01-02T14:01:42","date_gmt":"2025-01-02T14:01:42","guid":{"rendered":"https:\/\/taxihanam.com.vn\/?page_id=7"},"modified":"2026-01-02T15:37:37","modified_gmt":"2026-01-02T08:37:37","slug":"trang-chu","status":"publish","type":"page","link":"https:\/\/taxihanam.com.vn\/","title":{"rendered":"Trang ch\u1ee7"},"content":{"rendered":"<div class=\"slider-wrapper relative\" id=\"slider-73195119\" >\n    <div class=\"slider slider-nav-circle slider-nav-large slider-nav-light slider-style-normal\"\n        data-flickity-options='{\n            \"cellAlign\": \"center\",\n            \"imagesLoaded\": true,\n            \"lazyLoad\": 1,\n            \"freeScroll\": false,\n            \"wrapAround\": true,\n            \"autoPlay\": 6000,\n            \"pauseAutoPlayOnHover\" : true,\n            \"prevNextButtons\": true,\n            \"contain\" : true,\n            \"adaptiveHeight\" : true,\n            \"dragThreshold\" : 10,\n            \"percentPosition\": true,\n            \"pageDots\": true,\n            \"rightToLeft\": false,\n            \"draggable\": true,\n            \"selectedAttraction\": 0.1,\n            \"parallax\" : 0,\n            \"friction\": 0.6        }'\n        >\n        \n\t<div class=\"img has-hover x md-x lg-x y md-y lg-y\" id=\"image_733964953\">\n\t\t\t\t\t\t\t\t<div class=\"img-inner dark\" >\n\t\t\t<img loading=\"lazy\" decoding=\"async\" width=\"800\" height=\"533\" src=\"https:\/\/taxihanam.com.vn\/wp-content\/uploads\/2026\/01\/93290795-afa8-48a6-bdb7-e0051c90d7b7-md.jpeg\" class=\"attachment-large size-large\" alt=\"\" srcset=\"https:\/\/taxihanam.com.vn\/wp-content\/uploads\/2026\/01\/93290795-afa8-48a6-bdb7-e0051c90d7b7-md.jpeg 800w, https:\/\/taxihanam.com.vn\/wp-content\/uploads\/2026\/01\/93290795-afa8-48a6-bdb7-e0051c90d7b7-md-300x200.jpeg 300w, https:\/\/taxihanam.com.vn\/wp-content\/uploads\/2026\/01\/93290795-afa8-48a6-bdb7-e0051c90d7b7-md-768x512.jpeg 768w\" sizes=\"auto, (max-width: 800px) 100vw, 800px\" \/>\t\t\t\t\t\t\n\t\t\t\t\t<\/div>\n\t\t\t\t\t\t\t\t\n<style>\n#image_733964953 {\n  width: 100%;\n}\n<\/style>\n\t<\/div>\n\t\n\t<div class=\"img has-hover x md-x lg-x y md-y lg-y\" id=\"image_2020390918\">\n\t\t\t\t\t\t\t\t<div class=\"img-inner dark\" >\n\t\t\t<img loading=\"lazy\" decoding=\"async\" width=\"1536\" height=\"1024\" src=\"https:\/\/taxihanam.com.vn\/wp-content\/uploads\/2025\/12\/b55e8be4-1884-4084-8079-6dac897e56a1.png\" class=\"attachment-original size-original\" alt=\"\" srcset=\"https:\/\/taxihanam.com.vn\/wp-content\/uploads\/2025\/12\/b55e8be4-1884-4084-8079-6dac897e56a1.png 1536w, https:\/\/taxihanam.com.vn\/wp-content\/uploads\/2025\/12\/b55e8be4-1884-4084-8079-6dac897e56a1-300x200.png 300w, https:\/\/taxihanam.com.vn\/wp-content\/uploads\/2025\/12\/b55e8be4-1884-4084-8079-6dac897e56a1-1024x683.png 1024w, https:\/\/taxihanam.com.vn\/wp-content\/uploads\/2025\/12\/b55e8be4-1884-4084-8079-6dac897e56a1-768x512.png 768w\" sizes=\"auto, (max-width: 1536px) 100vw, 1536px\" \/>\t\t\t\t\t\t\n\t\t\t\t\t<\/div>\n\t\t\t\t\t\t\t\t\n<style>\n#image_2020390918 {\n  width: 100%;\n}\n<\/style>\n\t<\/div>\n\t\n     <\/div>\n\n     <div class=\"loading-spin dark large centered\"><\/div>\n\n\t<\/div>\n\n\n<div class=\"row\"  id=\"row-1732436550\">\n\n\t<div id=\"col-794233984\" class=\"col small-12 large-12\"  >\n\t\t\t\t<div class=\"col-inner text-center\"  >\n\t\t\t\n\t\t\t\n<div class=\"container section-title-container\" ><h1 class=\"section-title section-title-center\"><b><\/b><span class=\"section-title-main\" style=\"color:rgb(34, 43, 211);\">TAXI H\u00c0 NAM<\/span><b><\/b><\/h1><\/div>\n<a href=\"tel:0832789668\" class=\"button primary box-shadow-3 box-shadow-5-hover lowercase\"  style=\"border-radius:10px;\">\n\t\t<span>\u0110\u1eb7t Xe Ngay<\/span>\n\t<\/a>\n\n<div class=\"text-center\"><div class=\"is-divider divider clearfix\" style=\"max-width:200px;background-color:rgb(0, 0, 0);\"><\/div><\/div>\n\t<div id=\"text-3656128792\" class=\"text\">\n\t\t\n<p data-start=\"55\" data-end=\"82\"><strong data-start=\"55\" data-end=\"82\">B\u1ea2NG GI\u00c1 TAXI H\u00c0 NAM \ud83d\ude95<\/strong><\/p>\n<p data-start=\"86\" data-end=\"125\"><strong data-start=\"86\" data-end=\"100\">Gi\u00e1 m\u1edf c\u1eeda<\/strong>: 15.000\u0111 (1 km \u0111\u1ea7u ti\u00ean)<\/p>\n<h3 data-start=\"127\" data-end=\"144\"><strong data-start=\"131\" data-end=\"143\">Xe 4 ch\u1ed7<\/strong>:<\/h3>\n<p data-start=\"147\" data-end=\"180\"><strong data-start=\"147\" data-end=\"168\">Gi\u00e1 cho 20 km \u0111\u1ea7u<\/strong>: 13.000\u0111\/km<\/p>\n<p data-start=\"183\" data-end=\"223\"><strong data-start=\"183\" data-end=\"211\">Gi\u00e1 cho km th\u1ee9 21 tr\u1edf \u0111i<\/strong>: 12.000\u0111\/km<\/p>\n<p data-start=\"226\" data-end=\"256\"><strong data-start=\"226\" data-end=\"243\">Th\u1eddi gian ch\u1edd<\/strong>: 30.000\u0111\/gi\u1edd<\/p>\n<h3 data-start=\"258\" data-end=\"275\"><strong data-start=\"262\" data-end=\"274\">Xe 7 ch\u1ed7<\/strong>:<\/h3>\n<p data-start=\"278\" data-end=\"311\"><strong data-start=\"278\" data-end=\"299\">Gi\u00e1 cho 20 km \u0111\u1ea7u<\/strong>: 16.000\u0111\/km<\/p>\n<p data-start=\"314\" data-end=\"354\"><strong data-start=\"314\" data-end=\"342\">Gi\u00e1 cho km th\u1ee9 21 tr\u1edf \u0111i<\/strong>: 14.500\u0111\/km<\/p>\n<p data-start=\"357\" data-end=\"387\"><strong data-start=\"357\" data-end=\"374\">Th\u1eddi gian ch\u1edd<\/strong>: 30.000\u0111\/gi\u1edd<\/p>\n<h3 data-start=\"389\" data-end=\"409\"><strong data-start=\"393\" data-end=\"408\">Gi\u00e1 \u0111i t\u1ec9nh<\/strong>:<\/h3>\n<p data-start=\"412\" data-end=\"467\"><strong data-start=\"412\" data-end=\"433\">Ch\u1ec9 t\u1eeb 10.000\u0111\/km<\/strong> (t\u00f9y v\u00e0o qu\u00e3ng \u0111\u01b0\u1eddng v\u00e0 \u0111\u1ecba \u0111i\u1ec3m)<\/p>\n\t\t\n<style>\n#text-3656128792 {\n  text-align: center;\n}\n<\/style>\n\t<\/div>\n\t\n<div class=\"is-divider divider clearfix\" style=\"max-width:200px;background-color:rgb(0, 0, 0);\"><\/div>\n\n  \n    <div class=\"row large-columns-3 medium-columns-1 small-columns-1 slider row-slider slider-nav-reveal slider-nav-light slider-nav-push\"  data-flickity-options='{&quot;imagesLoaded&quot;: true, &quot;groupCells&quot;: &quot;100%&quot;, &quot;dragThreshold&quot; : 5, &quot;cellAlign&quot;: &quot;left&quot;,&quot;wrapAround&quot;: true,&quot;prevNextButtons&quot;: true,&quot;percentPosition&quot;: true,&quot;pageDots&quot;: true, &quot;rightToLeft&quot;: false, &quot;autoPlay&quot; : 2000}' >\n\n  <div class=\"col post-item\" >\n\t\t\t<div class=\"col-inner\">\n\t\t\t\t<div class=\"box box-normal box-text-bottom box-blog-post has-hover\">\n          \t\t\t\t\t<div class=\"box-text show-on-hover hover-bounce text-center\" >\n\t\t\t\t\t<div class=\"box-text-inner blog-post-inner\">\n\n\t\t\t\t\t\n\t\t\t\t\t\t\t\t\t\t<h5 class=\"post-title is-large \">\n\t\t\t\t\t\t<a href=\"https:\/\/taxihanam.com.vn\/index.php\/2025\/07\/28\/taxi-ha-nam-di-tinh-gia-re-goi-ngay-0832-789-668\/\" class=\"plain\">Taxi H\u00e0 Nam \u0110i T\u1ec9nh Gi\u00e1 R\u1ebb \u2013 G\u1ecdi Ngay 0832.789.668<\/a>\n\t\t\t\t\t<\/h5>\n\t\t\t\t\t<div class=\"post-meta is-small op-8\">07\/28\/2025<\/div>\t\t\t\t\t<div class=\"is-divider\"><\/div>\n\t\t\t\t\t\t\t\t\t\t<p class=\"from_the_blog_excerpt \">\n\t\t\t\t\t\t\ud83d\ude96 Taxi H\u00e0 Nam \u0110i T\u1ec9nh Gi\u00e1 R\u1ebb \u2013 G\u1ecdi Ngay 0832.789.668 B\u1ea1n \u0111ang c\u1ea7n [...]\t\t\t\t\t<\/p>\n\t\t\t\t\t                    \n\t\t\t\t\t\n\t\t\t\t\t\n\t\t\t\t\t<\/div>\n\t\t\t\t\t<\/div>\n\t\t\t\t\t\t\t\t\t<\/div>\n\t\t\t<\/div>\n\t\t<\/div><div class=\"col post-item\" >\n\t\t\t<div class=\"col-inner\">\n\t\t\t\t<div class=\"box box-normal box-text-bottom box-blog-post has-hover\">\n            \t\t\t\t\t<div class=\"box-image\" >\n  \t\t\t\t\t\t<div class=\"image-cover\" style=\"padding-top:56.25%;\">\n\t\t\t\t\t\t\t<a href=\"https:\/\/taxihanam.com.vn\/index.php\/2025\/07\/28\/dich-vu-dat-xe-taxi-ha-nam-nhanh-chong-goi-ngay-0832-789-668\/\" class=\"plain\" aria-label=\"D\u1ecbch V\u1ee5 \u0110\u1eb7t Xe Taxi H\u00e0 Nam Nhanh Ch\u00f3ng \u2013 G\u1ecdi Ngay 0832.789.668\">\n\t\t\t\t\t\t\t\t<img loading=\"lazy\" decoding=\"async\" width=\"300\" height=\"200\" src=\"https:\/\/taxihanam.com.vn\/wp-content\/uploads\/2025\/01\/MicrosoftTeams-image-5-1-1024x682-1-300x200.png\" class=\"attachment-medium size-medium wp-post-image\" alt=\"\" srcset=\"https:\/\/taxihanam.com.vn\/wp-content\/uploads\/2025\/01\/MicrosoftTeams-image-5-1-1024x682-1-300x200.png 300w, https:\/\/taxihanam.com.vn\/wp-content\/uploads\/2025\/01\/MicrosoftTeams-image-5-1-1024x682-1-768x512.png 768w, https:\/\/taxihanam.com.vn\/wp-content\/uploads\/2025\/01\/MicrosoftTeams-image-5-1-1024x682-1.png 1024w\" sizes=\"auto, (max-width: 300px) 100vw, 300px\" \/>\t\t\t\t\t\t\t<\/a>\n  \t\t\t\t\t\t\t  \t\t\t\t\t\t\t  \t\t\t\t\t\t<\/div>\n  \t\t\t\t\t\t  \t\t\t\t\t<\/div>\n          \t\t\t\t\t<div class=\"box-text show-on-hover hover-bounce text-center\" >\n\t\t\t\t\t<div class=\"box-text-inner blog-post-inner\">\n\n\t\t\t\t\t\n\t\t\t\t\t\t\t\t\t\t<h5 class=\"post-title is-large \">\n\t\t\t\t\t\t<a href=\"https:\/\/taxihanam.com.vn\/index.php\/2025\/07\/28\/dich-vu-dat-xe-taxi-ha-nam-nhanh-chong-goi-ngay-0832-789-668\/\" class=\"plain\">D\u1ecbch V\u1ee5 \u0110\u1eb7t Xe Taxi H\u00e0 Nam Nhanh Ch\u00f3ng \u2013 G\u1ecdi Ngay 0832.789.668<\/a>\n\t\t\t\t\t<\/h5>\n\t\t\t\t\t\t\t\t\t\t<div class=\"is-divider\"><\/div>\n\t\t\t\t\t\t\t\t\t\t<p class=\"from_the_blog_excerpt \">\n\t\t\t\t\t\tD\u1ecbch V\u1ee5 \u0110\u1eb7t Xe Taxi H\u00e0 Nam Nhanh Ch\u00f3ng \u2013 G\u1ecdi Ngay 0832.789.668 B\u1ea1n \u0111ang [...]\t\t\t\t\t<\/p>\n\t\t\t\t\t                    \n\t\t\t\t\t\n\t\t\t\t\t\n\t\t\t\t\t<\/div>\n\t\t\t\t\t<\/div>\n\t\t\t\t\t\t\t\t\t\t\t\t\t\t\t\t<div class=\"badge absolute top post-date badge-outline\">\n\t\t\t\t\t\t\t<div class=\"badge-inner\">\n\t\t\t\t\t\t\t\t<span class=\"post-date-day\">28<\/span><br>\n\t\t\t\t\t\t\t\t<span class=\"post-date-month is-xsmall\">Th7<\/span>\n\t\t\t\t\t\t\t<\/div>\n\t\t\t\t\t\t<\/div>\n\t\t\t\t\t\t\t\t\t<\/div>\n\t\t\t<\/div>\n\t\t<\/div><div class=\"col post-item\" >\n\t\t\t<div class=\"col-inner\">\n\t\t\t\t<div class=\"box box-normal box-text-bottom box-blog-post has-hover\">\n          \t\t\t\t\t<div class=\"box-text show-on-hover hover-bounce text-center\" >\n\t\t\t\t\t<div class=\"box-text-inner blog-post-inner\">\n\n\t\t\t\t\t\n\t\t\t\t\t\t\t\t\t\t<h5 class=\"post-title is-large \">\n\t\t\t\t\t\t<a href=\"https:\/\/taxihanam.com.vn\/index.php\/2025\/07\/28\/dich-vu-taxi-ha-nam-uy-tin-goi-ngay-0832-789-668\/\" class=\"plain\">D\u1ecaCH V\u1ee4 TAXI H\u00c0 NAM UY T\u00cdN \u2013 G\u1eccI NGAY 0832.789.668<\/a>\n\t\t\t\t\t<\/h5>\n\t\t\t\t\t<div class=\"post-meta is-small op-8\">07\/28\/2025<\/div>\t\t\t\t\t<div class=\"is-divider\"><\/div>\n\t\t\t\t\t\t\t\t\t\t<p class=\"from_the_blog_excerpt \">\n\t\t\t\t\t\tD\u1ecaCH V\u1ee4 TAXI H\u00c0 NAM UY T\u00cdN \u2013 G\u1eccI NGAY 0832.789.668 B\u1ea1n \u0111ang t\u00ecm m\u1ed9t [...]\t\t\t\t\t<\/p>\n\t\t\t\t\t                    \n\t\t\t\t\t\n\t\t\t\t\t\n\t\t\t\t\t<\/div>\n\t\t\t\t\t<\/div>\n\t\t\t\t\t\t\t\t\t<\/div>\n\t\t\t<\/div>\n\t\t<\/div><div class=\"col post-item\" >\n\t\t\t<div class=\"col-inner\">\n\t\t\t\t<div class=\"box box-normal box-text-bottom box-blog-post has-hover\">\n            \t\t\t\t\t<div class=\"box-image\" >\n  \t\t\t\t\t\t<div class=\"image-cover\" style=\"padding-top:56.25%;\">\n\t\t\t\t\t\t\t<a href=\"https:\/\/taxihanam.com.vn\/index.php\/2025\/07\/28\/taxi-ha-nam-4-7-cho-xe-doi-moi-sang-trong-goi-ngay-0832-789-668\/\" class=\"plain\" aria-label=\"Taxi H\u00e0 Nam 4 \u2013 7 Ch\u1ed7 Xe \u0110\u1eddi M\u1edbi Sang Tr\u1ecdng \u2013 G\u1ecdi Ngay 0832.789.668\">\n\t\t\t\t\t\t\t\t<img loading=\"lazy\" decoding=\"async\" width=\"300\" height=\"119\" src=\"https:\/\/taxihanam.com.vn\/wp-content\/uploads\/2025\/01\/banner-300x119.jpg\" class=\"attachment-medium size-medium wp-post-image\" alt=\"\" srcset=\"https:\/\/taxihanam.com.vn\/wp-content\/uploads\/2025\/01\/banner-300x119.jpg 300w, https:\/\/taxihanam.com.vn\/wp-content\/uploads\/2025\/01\/banner-1024x407.jpg 1024w, https:\/\/taxihanam.com.vn\/wp-content\/uploads\/2025\/01\/banner-768x306.jpg 768w, https:\/\/taxihanam.com.vn\/wp-content\/uploads\/2025\/01\/banner.jpg 1493w\" sizes=\"auto, (max-width: 300px) 100vw, 300px\" \/>\t\t\t\t\t\t\t<\/a>\n  \t\t\t\t\t\t\t  \t\t\t\t\t\t\t  \t\t\t\t\t\t<\/div>\n  \t\t\t\t\t\t  \t\t\t\t\t<\/div>\n          \t\t\t\t\t<div class=\"box-text show-on-hover hover-bounce text-center\" >\n\t\t\t\t\t<div class=\"box-text-inner blog-post-inner\">\n\n\t\t\t\t\t\n\t\t\t\t\t\t\t\t\t\t<h5 class=\"post-title is-large \">\n\t\t\t\t\t\t<a href=\"https:\/\/taxihanam.com.vn\/index.php\/2025\/07\/28\/taxi-ha-nam-4-7-cho-xe-doi-moi-sang-trong-goi-ngay-0832-789-668\/\" class=\"plain\">Taxi H\u00e0 Nam 4 \u2013 7 Ch\u1ed7 Xe \u0110\u1eddi M\u1edbi Sang Tr\u1ecdng \u2013 G\u1ecdi Ngay 0832.789.668<\/a>\n\t\t\t\t\t<\/h5>\n\t\t\t\t\t\t\t\t\t\t<div class=\"is-divider\"><\/div>\n\t\t\t\t\t\t\t\t\t\t<p class=\"from_the_blog_excerpt \">\n\t\t\t\t\t\t\ud83d\ude96 Taxi H\u00e0 Nam 4 \u2013 7 Ch\u1ed7 Xe \u0110\u1eddi M\u1edbi Sang Tr\u1ecdng \u2013 G\u1ecdi [...]\t\t\t\t\t<\/p>\n\t\t\t\t\t                    \n\t\t\t\t\t\n\t\t\t\t\t\n\t\t\t\t\t<\/div>\n\t\t\t\t\t<\/div>\n\t\t\t\t\t\t\t\t\t\t\t\t\t\t\t\t<div class=\"badge absolute top post-date badge-outline\">\n\t\t\t\t\t\t\t<div class=\"badge-inner\">\n\t\t\t\t\t\t\t\t<span class=\"post-date-day\">28<\/span><br>\n\t\t\t\t\t\t\t\t<span class=\"post-date-month is-xsmall\">Th7<\/span>\n\t\t\t\t\t\t\t<\/div>\n\t\t\t\t\t\t<\/div>\n\t\t\t\t\t\t\t\t\t<\/div>\n\t\t\t<\/div>\n\t\t<\/div><\/div>\n\t\t<\/div>\n\t\t\t\t\t<\/div>\n\n\t\n<\/div>\n<div class=\"row\"  id=\"row-2049293646\">\n\n\t<div id=\"col-439690701\" class=\"col medium-4 small-12 large-4\"  >\n\t\t\t\t<div class=\"col-inner\"  >\n\t\t\t\n\t\t\t\n\t<div class=\"img has-hover x md-x lg-x y md-y lg-y\" id=\"image_1940984383\">\n\t\t\t\t\t\t\t\t<div class=\"img-inner dark\" >\n\t\t\t<img loading=\"lazy\" decoding=\"async\" width=\"600\" height=\"320\" src=\"https:\/\/taxihanam.com.vn\/wp-content\/uploads\/2025\/04\/hinh5555.jpg\" class=\"attachment-large size-large\" alt=\"\" srcset=\"https:\/\/taxihanam.com.vn\/wp-content\/uploads\/2025\/04\/hinh5555.jpg 600w, https:\/\/taxihanam.com.vn\/wp-content\/uploads\/2025\/04\/hinh5555-300x160.jpg 300w\" sizes=\"auto, (max-width: 600px) 100vw, 600px\" \/>\t\t\t\t\t\t\n\t\t\t\t\t<\/div>\n\t\t\t\t\t\t\t\t\n<style>\n#image_1940984383 {\n  width: 100%;\n}\n<\/style>\n\t<\/div>\n\t\n\t<div id=\"text-3717404275\" class=\"text\">\n\t\t\n<h4 style=\"text-align: center;\">Taxi H\u00e0 Nam<\/h4>\n<p data-pm-slice=\"1 1 &#091;&#093;\"><strong>T\u1ed5ng \u0110\u00e0i Taxi H\u00e0 Nam \u2013 D\u1ecbch V\u1ee5 V\u1eadn Chuy\u1ec3n Uy T\u00edn, Nhanh Ch\u00f3ng<\/strong><\/p>\n<p>T\u1ea1i H\u00e0 Nam, nhu c\u1ea7u di chuy\u1ec3n b\u1eb1ng taxi ng\u00e0y c\u00e0ng t\u0103ng cao nh\u1edd v\u00e0o s\u1ef1 ph\u00e1t tri\u1ec3n c\u1ee7a kinh t\u1ebf v\u00e0 du l\u1ecbch. \u0110\u1ec3 \u0111\u00e1p \u1ee9ng nhu c\u1ea7u n\u00e0y, c\u00e1c t\u1ed5ng \u0111\u00e0i taxi H\u00e0 Nam ho\u1ea1t \u0111\u1ed9ng 24\/7, mang \u0111\u1ebfn d\u1ecbch v\u1ee5 v\u1eadn chuy\u1ec3n ti\u1ec7n l\u1ee3i, an to\u00e0n v\u00e0 nhanh ch\u00f3ng cho kh\u00e1ch h\u00e0ng.<\/p>\n\t\t\n<style>\n#text-3717404275 {\n  color: #162abf;\n}\n#text-3717404275 > * {\n  color: #162abf;\n}\n<\/style>\n\t<\/div>\n\t\n\t\t<\/div>\n\t\t\t\t\t<\/div>\n\n\t\n\n\t<div id=\"col-893186427\" class=\"col medium-4 small-12 large-4\"  >\n\t\t\t\t<div class=\"col-inner\"  >\n\t\t\t\n\t\t\t\n\t<div class=\"img has-hover x md-x lg-x y md-y lg-y\" id=\"image_791515045\">\n\t\t\t\t\t\t\t\t<div class=\"img-inner dark\" >\n\t\t\t<img loading=\"lazy\" decoding=\"async\" width=\"528\" height=\"361\" src=\"https:\/\/taxihanam.com.vn\/wp-content\/uploads\/2025\/04\/pngtree-online-taxi-man-call-through-image_1384214.jpg\" class=\"attachment-large size-large\" alt=\"\" srcset=\"https:\/\/taxihanam.com.vn\/wp-content\/uploads\/2025\/04\/pngtree-online-taxi-man-call-through-image_1384214.jpg 528w, https:\/\/taxihanam.com.vn\/wp-content\/uploads\/2025\/04\/pngtree-online-taxi-man-call-through-image_1384214-300x205.jpg 300w\" sizes=\"auto, (max-width: 528px) 100vw, 528px\" \/>\t\t\t\t\t\t\n\t\t\t\t\t<\/div>\n\t\t\t\t\t\t\t\t\n<style>\n#image_791515045 {\n  width: 100%;\n}\n<\/style>\n\t<\/div>\n\t\n\t<div id=\"text-3942324429\" class=\"text\">\n\t\t\n<h3 style=\"text-align: center;\" data-pm-slice=\"1 1 &#091;&#093;\">D\u1ecbch V\u1ee5 Taxi T\u1ea1i H\u00e0 Nam<\/h3>\n<p data-pm-slice=\"1 3 &#091;&#093;\">T\u1ed5ng \u0111\u00e0i taxi H\u00e0 Nam cung c\u1ea5p \u0111a d\u1ea1ng c\u00e1c lo\u1ea1i h\u00ecnh d\u1ecbch v\u1ee5, bao g\u1ed3m:<\/p>\n<ul data-spread=\"false\">\n<li>\n<p><strong>Taxi 4 ch\u1ed7, 7 ch\u1ed7:<\/strong> Ph\u00f9 h\u1ee3p cho nhu c\u1ea7u c\u00e1 nh\u00e2n, gia \u0111\u00ecnh v\u00e0 nh\u00f3m nh\u1ecf.<\/p>\n<\/li>\n<li>\n<p><strong>Taxi \u0111\u01b0\u1eddng d\u00e0i:<\/strong> D\u1ecbch v\u1ee5 \u0111\u01b0a \u0111\u00f3n li\u00ean t\u1ec9nh v\u1edbi gi\u00e1 c\u1ea3 h\u1ee3p l\u00fd.<\/p>\n<\/li>\n<li>\n<p><strong>Taxi s\u00e2n bay:<\/strong> \u0110\u01b0a \u0111\u00f3n t\u1eadn n\u01a1i \u0111\u1ebfn s\u00e2n bay N\u1ed9i B\u00e0i ho\u1eb7c c\u00e1c \u0111\u1ecba \u0111i\u1ec3m kh\u00e1c.<\/p>\n<\/li>\n<li>\n<p><strong>Taxi doanh nghi\u1ec7p:<\/strong> H\u1ee3p \u0111\u1ed3ng xe d\u00e0i h\u1ea1n cho c\u00f4ng ty, doanh nghi\u1ec7p.<\/p>\n<\/li>\n<li>\n<p><strong>Taxi du l\u1ecbch:<\/strong> D\u1ecbch v\u1ee5 xe \u0111\u01b0a \u0111\u00f3n kh\u00e1ch tham quan, du l\u1ecbch t\u1ea1i H\u00e0 Nam v\u00e0 c\u00e1c t\u1ec9nh l\u00e2n c\u1eadn.<\/p>\n<\/li>\n<\/ul>\n\t\t\n<style>\n#text-3942324429 {\n  color: #162abf;\n}\n#text-3942324429 > * {\n  color: #162abf;\n}\n<\/style>\n\t<\/div>\n\t\n\t\t<\/div>\n\t\t\t\t\t<\/div>\n\n\t\n\n\t<div id=\"col-850493910\" class=\"col medium-4 small-12 large-4\"  >\n\t\t\t\t<div class=\"col-inner\"  >\n\t\t\t\n\t\t\t\n\t<div class=\"img has-hover x md-x lg-x y md-y lg-y\" id=\"image_1833675629\">\n\t\t\t\t\t\t\t\t<div class=\"img-inner dark\" >\n\t\t\t<img loading=\"lazy\" decoding=\"async\" width=\"800\" height=\"600\" src=\"https:\/\/taxihanam.com.vn\/wp-content\/uploads\/2025\/04\/Taxi-4-Cho-Khu-Vuc-Binh-Duong.jpg\" class=\"attachment-large size-large\" alt=\"\" srcset=\"https:\/\/taxihanam.com.vn\/wp-content\/uploads\/2025\/04\/Taxi-4-Cho-Khu-Vuc-Binh-Duong.jpg 800w, https:\/\/taxihanam.com.vn\/wp-content\/uploads\/2025\/04\/Taxi-4-Cho-Khu-Vuc-Binh-Duong-300x225.jpg 300w, https:\/\/taxihanam.com.vn\/wp-content\/uploads\/2025\/04\/Taxi-4-Cho-Khu-Vuc-Binh-Duong-768x576.jpg 768w\" sizes=\"auto, (max-width: 800px) 100vw, 800px\" \/>\t\t\t\t\t\t\n\t\t\t\t\t<\/div>\n\t\t\t\t\t\t\t\t\n<style>\n#image_1833675629 {\n  width: 100%;\n}\n<\/style>\n\t<\/div>\n\t\n\t<div id=\"text-1337554690\" class=\"text\">\n\t\t\n<h3 style=\"text-align: center;\" data-pm-slice=\"1 1 &#091;&#093;\">D\u1ecbch V\u1ee5 Taxi 4, 7 Ch\u1ed7 \u0110\u1eddi M\u1edbi Sang Tr\u1ecdng<\/h3>\n<ul data-spread=\"false\" data-pm-slice=\"3 3 &#091;&#093;\">\n<li>\n<p><strong>\u0110\u1eb7t xe d\u1ec5 d\u00e0ng:<\/strong> Ch\u1ec9 c\u1ea7n g\u1ecdi t\u1ed5ng \u0111\u00e0i, kh\u00e1ch h\u00e0ng c\u00f3 th\u1ec3 \u0111\u1eb7t xe nhanh ch\u00f3ng.<\/p>\n<\/li>\n<li>\n<p><strong>Ph\u1ee5c v\u1ee5 24\/7:<\/strong> Lu\u00f4n s\u1eb5n s\u00e0ng ph\u1ee5c v\u1ee5 c\u1ea3 ng\u00e0y l\u1eabn \u0111\u00eam.<\/p>\n<\/li>\n<li>\n<p><strong>T\u00e0i x\u1ebf chuy\u00ean nghi\u1ec7p:<\/strong> \u0110\u1ed9i ng\u0169 t\u00e0i x\u1ebf gi\u00e0u kinh nghi\u1ec7m, l\u1ecbch s\u1ef1, am hi\u1ec3u \u0111\u01b0\u1eddng x\u00e1.<\/p>\n<\/li>\n<li>\n<p><strong>Gi\u00e1 c\u1ea3 c\u1ea1nh tranh:<\/strong> C\u01b0\u1edbc ph\u00ed h\u1ee3p l\u00fd, nhi\u1ec1u ch\u01b0\u01a1ng tr\u00ecnh \u01b0u \u0111\u00e3i h\u1ea5p d\u1eabn.<\/p>\n<\/li>\n<li>\n<p><strong>Xe \u0111\u1eddi m\u1edbi, ti\u1ec7n nghi:<\/strong> H\u1ec7 th\u1ed1ng xe \u0111\u01b0\u1ee3c b\u1ea3o d\u01b0\u1ee1ng \u0111\u1ecbnh k\u1ef3, \u0111\u1ea3m b\u1ea3o an to\u00e0n v\u00e0 tho\u1ea3i m\u00e1i.<\/p>\n<\/li>\n<\/ul>\n\t\t\n<style>\n#text-1337554690 {\n  color: #162abf;\n}\n#text-1337554690 > * {\n  color: #162abf;\n}\n<\/style>\n\t<\/div>\n\t\n\t\t<\/div>\n\t\t\t\t\t<\/div>\n\n\t\n<\/div>\n\n\t<section class=\"section\" id=\"section_299494307\">\n\t\t<div class=\"section-bg fill\" >\n\t\t\t\t\t\t\t\t\t\n\t\t\t\n\n\t\t<\/div>\n\n\t\t\n\n\t\t<div class=\"section-content relative\">\n\t\t\t\n\t\t<\/div>\n\n\t\t\n<style>\n#section_299494307 {\n  padding-top: 30px;\n  padding-bottom: 30px;\n}\n<\/style>\n\t<\/section>\n\t\n","protected":false},"excerpt":{"rendered":"","protected":false},"author":1,"featured_media":0,"parent":0,"menu_order":0,"comment_status":"closed","ping_status":"closed","template":"page-blank.php","meta":{"footnotes":""},"class_list":["post-7","page","type-page","status-publish","hentry"],"_links":{"self":[{"href":"https:\/\/taxihanam.com.vn\/index.php\/wp-json\/wp\/v2\/pages\/7","targetHints":{"allow":["GET"]}}],"collection":[{"href":"https:\/\/taxihanam.com.vn\/index.php\/wp-json\/wp\/v2\/pages"}],"about":[{"href":"https:\/\/taxihanam.com.vn\/index.php\/wp-json\/wp\/v2\/types\/page"}],"author":[{"embeddable":true,"href":"https:\/\/taxihanam.com.vn\/index.php\/wp-json\/wp\/v2\/users\/1"}],"replies":[{"embeddable":true,"href":"https:\/\/taxihanam.com.vn\/index.php\/wp-json\/wp\/v2\/comments?post=7"}],"version-history":[{"count":40,"href":"https:\/\/taxihanam.com.vn\/index.php\/wp-json\/wp\/v2\/pages\/7\/revisions"}],"predecessor-version":[{"id":170,"href":"https:\/\/taxihanam.com.vn\/index.php\/wp-json\/wp\/v2\/pages\/7\/revisions\/170"}],"wp:attachment":[{"href":"https:\/\/taxihanam.com.vn\/index.php\/wp-json\/wp\/v2\/media?parent=7"}],"curies":[{"name":"wp","href":"https:\/\/api.w.org\/{rel}","templated":true}]}}